{"id":7387,"date":"2023-08-29T08:22:10","date_gmt":"2023-08-29T08:22:10","guid":{"rendered":"http:\/\/globalm.io\/?page_id=7387"},"modified":"2025-08-12T07:58:04","modified_gmt":"2025-08-12T07:58:04","slug":"careers","status":"publish","type":"page","link":"https:\/\/globalm.io\/es\/careers\/","title":{"rendered":"Carreras"},"content":{"rendered":"<p>[et_pb_section fb_built=&#8221;1&#8243; custom_padding_last_edited=&#8221;on|tablet&#8221; next_background_color=&#8221;#ffffff&#8221; admin_label=&#8221;Page Title Section&#8221; _builder_version=&#8221;4.27.4&#8243; use_background_color_gradient=&#8221;on&#8221; background_color_gradient_direction=&#8221;100deg&#8221; background_color_gradient_stops=&#8221;#e36e5c 0%|#e78b7d 100%&#8221; background_color_gradient_start=&#8221;#e36e5c&#8221; background_color_gradient_end=&#8221;#e78b7d&#8221; background_enable_image=&#8221;off&#8221; custom_padding=&#8221;15px||92px||false|false&#8221; custom_padding_tablet=&#8221;15px||92px||false|false&#8221; custom_padding_phone=&#8221;15px||50px||false|false&#8221; bottom_divider_style=&#8221;wave2&#8243; bottom_divider_flip=&#8221;horizontal&#8221; bottom_divider_arrangement=&#8221;above_content&#8221; bottom_divider_height_tablet=&#8221;75px&#8221; bottom_divider_height_phone=&#8221;50px&#8221; bottom_divider_height_last_edited=&#8221;on|phone&#8221; locked=&#8221;off&#8221; global_colors_info=&#8221;{}&#8221;][et_pb_row _builder_version=&#8221;4.27.4&#8243; _module_preset=&#8221;default&#8221; custom_padding=&#8221;||27px|||&#8221; global_colors_info=&#8221;{}&#8221;][et_pb_column type=&#8221;4_4&#8243; _builder_version=&#8221;4.27.4&#8243; _module_preset=&#8221;default&#8221; global_colors_info=&#8221;{}&#8221;][et_pb_post_title meta=&#8221;off&#8221; featured_image=&#8221;off&#8221; _builder_version=&#8221;4.27.4&#8243; _module_preset=&#8221;default&#8221; title_level=&#8221;h2&#8243; title_font=&#8221;|800||on|||||&#8221; title_text_color=&#8221;#FFFFFF&#8221; title_font_size=&#8221;40px&#8221; custom_margin=&#8221;||5px|||&#8221; global_colors_info=&#8221;{}&#8221;][\/et_pb_post_title][et_pb_text _builder_version=&#8221;4.27.4&#8243; _module_preset=&#8221;default&#8221; text_font=&#8221;||||||||&#8221; text_text_color=&#8221;#FFFFFF&#8221; header_3_text_color=&#8221;#FFFFFF&#8221; global_colors_info=&#8221;{}&#8221;]<\/p>\n<h3>Explore a diverse range of openings with our amazing clients.<\/h3>\n<p>[\/et_pb_text][\/et_pb_column][\/et_pb_row][\/et_pb_section][et_pb_section fb_built=&#8221;1&#8243; admin_label=&#8221;Yearly Report Section&#8221; _builder_version=&#8221;4.27.4&#8243; custom_margin=&#8221;|||&#8221; custom_padding=&#8221;14px||3px|||&#8221; bottom_divider_color=&#8221;#E36E5C&#8221; locked=&#8221;off&#8221; global_colors_info=&#8221;{}&#8221;][et_pb_row column_structure=&#8221;1_2,1_2&#8243; make_equal=&#8221;on&#8221; custom_padding_last_edited=&#8221;on|desktop&#8221; _builder_version=&#8221;4.27.4&#8243; _module_preset=&#8221;default&#8221; width=&#8221;100%&#8221; max_width=&#8221;100%&#8221; custom_margin=&#8221;||||false|false&#8221; custom_padding=&#8221;7px||19px||false|false&#8221; custom_padding_tablet=&#8221;||70px||false|false&#8221; custom_padding_phone=&#8221;7px||34px||false|false&#8221; custom_css_main_element=&#8221;align-items: center !important;&#8221; global_colors_info=&#8221;{}&#8221;][et_pb_column type=&#8221;1_2&#8243; _builder_version=&#8221;4.27.4&#8243; _module_preset=&#8221;default&#8221; global_colors_info=&#8221;{}&#8221;][et_pb_image src=&#8221;https:\/\/globalm.io\/wp-content\/uploads\/2025\/06\/globalm-website-element.png&#8221; title_text=&#8221;globalm-website-element&#8221; force_fullwidth=&#8221;on&#8221; align_tablet=&#8221;center&#8221; align_phone=&#8221;center&#8221; align_last_edited=&#8221;on|desktop&#8221; _builder_version=&#8221;4.27.4&#8243; animation_style=&#8221;fade&#8221; global_colors_info=&#8221;{}&#8221;][\/et_pb_image][\/et_pb_column][et_pb_column type=&#8221;1_2&#8243; _builder_version=&#8221;4.27.4&#8243; _module_preset=&#8221;default&#8221; custom_padding=&#8221;|5%|||false|false&#8221; custom_padding_tablet=&#8221;|5%|||false|false&#8221; custom_padding_phone=&#8221;|2%|||false|false&#8221; custom_padding_last_edited=&#8221;on|desktop&#8221; global_colors_info=&#8221;{}&#8221;][ba_animated_text prefix=&#8221;Jobs via Global M&#8221; animated_text=&#8221;%91{%22value%22:%22Great employers.%22,%22checked%22:0,%22dragID%22:-1},{%22value%22:%22Remote.%22,%22checked%22:0,%22dragID%22:0},{%22value%22:%22In-person.%22,%22checked%22:0,%22dragID%22:1}%93&#8243; animation_speed=&#8221;50ms&#8221; start_delay=&#8221;0ms&#8221; layout=&#8221;block&#8221; prefix_stroke_color=&#8221;#000000&#8243; animated_padding=&#8221;0px|0px|0px|0px|false|false&#8221; animated_bg=&#8221;RGBA(255,255,255,0)&#8221; animated_stroke_color=&#8221;#000000&#8243; cursor_gap=&#8221;0px&#8221; cursor_width=&#8221;0px&#8221; cursor_color=&#8221;#FFFFFF&#8221; prefix_bg_tablet=&#8221;RGBA(255,255,255,0)&#8221; prefix_bg_phone=&#8221;RGBA(255,255,255,0)&#8221; prefix_bg_last_edited=&#8221;on|desktop&#8221; _builder_version=&#8221;4.27.4&#8243; _module_preset=&#8221;default&#8221; animated_font=&#8221;||||||||&#8221; animated_text_color=&#8221;#343434&#8243; animated_font_size=&#8221;31px&#8221; prefix_font=&#8221;|700|||||||&#8221; prefix_text_color=&#8221;#000000&#8243; main_font=&#8221;|300|||||||&#8221; main_text_color=&#8221;#000000&#8243; main_font_size=&#8221;31px&#8221; text_orientation=&#8221;left&#8221; min_height=&#8221;142px&#8221; custom_margin=&#8221;||-40px||false|false&#8221; custom_margin_tablet=&#8221;||-40px||false|false&#8221; custom_margin_phone=&#8221;||-10px||false|false&#8221; custom_margin_last_edited=&#8221;on|phone&#8221; custom_padding=&#8221;||||false|false&#8221; custom_css_animated_text=&#8221;margin-left: -2px!important;&#8221; global_colors_info=&#8221;{}&#8221;][\/ba_animated_text][et_pb_blurb title=&#8221;Global Opportunities&#8221; use_icon=&#8221;on&#8221; font_icon=&#8221;&#xe052;||divi||400&#8243; icon_color=&#8221;#E36E5C&#8221; icon_placement=&#8221;left&#8221; _builder_version=&#8221;4.27.4&#8243; _module_preset=&#8221;default&#8221; image_icon_custom_margin=&#8221;|||0px|false|false&#8221; image_icon_custom_padding=&#8221;|||0px|false|false&#8221; custom_margin=&#8221;||18px|0px|false|false&#8221; custom_padding=&#8221;|||0px|false|false&#8221; custom_css_blurb_title=&#8221;padding-bottom: 5px;&#8221; custom_css_blurb_content=&#8221;margin-left: 9px!important;&#8221; global_colors_info=&#8221;{}&#8221;]<\/p>\n<p>Discover exciting roles across Europe, the US, Africa, and Asia with leading companies.<\/p>\n<p>[\/et_pb_blurb][et_pb_blurb title=&#8221;Tailored Matches&#8221; use_icon=&#8221;on&#8221; font_icon=&#8221;&#xe052;||divi||400&#8243; icon_color=&#8221;#E36E5C&#8221; icon_placement=&#8221;left&#8221; _builder_version=&#8221;4.27.4&#8243; _module_preset=&#8221;default&#8221; image_icon_custom_margin=&#8221;|||0px|false|false&#8221; image_icon_custom_padding=&#8221;|||0px|false|false&#8221; custom_margin=&#8221;||18px|0px|false|false&#8221; custom_padding=&#8221;|||0px|false|false&#8221; custom_css_blurb_title=&#8221;padding-bottom: 5px;&#8221; custom_css_blurb_content=&#8221;margin-left: 9px!important;&#8221; global_colors_info=&#8221;{}&#8221;]<\/p>\n<p>We connect you with roles that align with your skills, goals, and values.<\/p>\n<p>[\/et_pb_blurb][et_pb_blurb title=&#8221;Easy Application&#8221; use_icon=&#8221;on&#8221; font_icon=&#8221;&#xe052;||divi||400&#8243; icon_color=&#8221;#E36E5C&#8221; icon_placement=&#8221;left&#8221; _builder_version=&#8221;4.27.4&#8243; _module_preset=&#8221;default&#8221; image_icon_custom_margin=&#8221;|||0px|false|false&#8221; image_icon_custom_padding=&#8221;|||0px|false|false&#8221; custom_margin=&#8221;||18px|0px|false|false&#8221; custom_padding=&#8221;|||0px|false|false&#8221; custom_css_blurb_title=&#8221;padding-bottom: 5px;&#8221; custom_css_blurb_content=&#8221;margin-left: 9px!important;&#8221; global_colors_info=&#8221;{}&#8221;]<\/p>\n<p>Apply directly through our platform with a streamlined and candidate-friendly process.<\/p>\n<p>[\/et_pb_blurb][et_pb_blurb title=&#8221;Simple &#038; Intuitive&#8221; use_icon=&#8221;on&#8221; font_icon=&#8221;&#xe052;||divi||400&#8243; icon_color=&#8221;#E36E5C&#8221; icon_placement=&#8221;left&#8221; _builder_version=&#8221;4.27.4&#8243; _module_preset=&#8221;default&#8221; image_icon_custom_margin=&#8221;|||0px|false|false&#8221; image_icon_custom_padding=&#8221;|||0px|false|false&#8221; custom_margin=&#8221;||18px|0px|false|false&#8221; custom_padding=&#8221;||6px|0px|false|false&#8221; custom_css_blurb_title=&#8221;padding-bottom: 5px;&#8221; custom_css_blurb_content=&#8221;margin-left: 9px!important;&#8221; global_colors_info=&#8221;{}&#8221;]<\/p>\n<p>Designed for ease of use, our platform makes job searching fast and frustration-free.<\/p>\n<p>[\/et_pb_blurb][et_pb_button button_url=&#8221;https:\/\/airtable.com\/invite\/l?inviteId=inv0d0NMnZiN7VLN0&#038;inviteToken=8399714f4ee3d1d3864e8f21590635db30094a1bc80d4a78766e3d2013a24edd&#038;utm_medium=email&#038;utm_source=product_team&#038;utm_content=transactional-alerts&#8221; url_new_window=&#8221;on&#8221; button_text=&#8221;Register for free&#8221; _builder_version=&#8221;4.27.4&#8243; _module_preset=&#8221;default&#8221; custom_margin=&#8221;||28px|||&#8221; global_colors_info=&#8221;{}&#8221;][\/et_pb_button][\/et_pb_column][\/et_pb_row][\/et_pb_section][et_pb_section fb_built=&#8221;1&#8243; prev_background_color=&#8221;#ffffff&#8221; admin_label=&#8221;Subscription Section&#8221; _builder_version=&#8221;4.27.4&#8243; background_color=&#8221;#EFEFEF&#8221; background_enable_image=&#8221;off&#8221; background_position=&#8221;top_center&#8221; custom_padding=&#8221;17px||17px||true|&#8221; top_divider_style=&#8221;ramp2&#8243; top_divider_height=&#8221;75px&#8221; top_divider_flip=&#8221;horizontal&#8221; top_divider_height_tablet=&#8221;75px&#8221; top_divider_height_phone=&#8221;50px&#8221; top_divider_height_last_edited=&#8221;on|phone&#8221; bottom_divider_height=&#8221;75px&#8221; bottom_divider_height_tablet=&#8221;75px&#8221; bottom_divider_height_phone=&#8221;50px&#8221; bottom_divider_height_last_edited=&#8221;on|phone&#8221; locked=&#8221;off&#8221; global_colors_info=&#8221;{}&#8221;][et_pb_row column_structure=&#8221;3_5,2_5&#8243; use_custom_gutter=&#8221;on&#8221; gutter_width=&#8221;1&#8243; custom_padding_last_edited=&#8221;on|phone&#8221; admin_label=&#8221;Subscription Area&#8221; _builder_version=&#8221;4.27.4&#8243; custom_padding=&#8221;87px|||||&#8221; custom_padding_tablet=&#8221;87px|||||&#8221; custom_padding_phone=&#8221;40px||||false|false&#8221; locked=&#8221;off&#8221; global_colors_info=&#8221;{}&#8221;][et_pb_column type=&#8221;3_5&#8243; _builder_version=&#8221;4.16&#8243; custom_padding=&#8221;|||&#8221; global_colors_info=&#8221;{}&#8221; custom_padding__hover=&#8221;|||&#8221;][et_pb_text admin_label=&#8221;Title&#8221; _builder_version=&#8221;4.27.4&#8243; text_font=&#8221;||||||||&#8221; header_font=&#8221;||||||||&#8221; header_text_align=&#8221;left&#8221; header_text_color=&#8221;#E36E5C&#8221; header_line_height=&#8221;1.2em&#8221; header_2_font=&#8221;|800|||||||&#8221; header_2_text_align=&#8221;left&#8221; header_2_text_color=&#8221;#E36E5C&#8221; header_2_font_size=&#8221;80px&#8221; custom_margin=&#8221;||4px|||&#8221; animation_style=&#8221;slide&#8221; animation_direction=&#8221;top&#8221; animation_intensity_slide=&#8221;10%&#8221; animation_starting_opacity=&#8221;100%&#8221; global_colors_info=&#8221;{}&#8221;]<\/p>\n<h2>20,000+<\/h2>\n<p>[\/et_pb_text][et_pb_text admin_label=&#8221;Subtitle&#8221; _builder_version=&#8221;4.27.4&#8243; text_font=&#8221;|700||on|||||&#8221; text_text_color=&#8221;#E36E5C&#8221; text_font_size=&#8221;18px&#8221; text_letter_spacing=&#8221;2px&#8221; header_text_align=&#8221;left&#8221; header_2_text_align=&#8221;left&#8221; custom_margin=&#8221;||22px|||&#8221; animation_style=&#8221;slide&#8221; animation_direction=&#8221;top&#8221; animation_intensity_slide=&#8221;10%&#8221; animation_starting_opacity=&#8221;100%&#8221; global_colors_info=&#8221;{}&#8221;]<\/p>\n<p>Active subscribers<\/p>\n<p>[\/et_pb_text][et_pb_text admin_label=&#8221;Subtitle&#8221; _builder_version=&#8221;4.27.4&#8243; text_font_size=&#8221;18px&#8221; custom_margin=&#8221;||29px|||&#8221; animation_style=&#8221;slide&#8221; animation_direction=&#8221;top&#8221; animation_intensity_slide=&#8221;10%&#8221; animation_starting_opacity=&#8221;100%&#8221; global_colors_info=&#8221;{}&#8221;]<\/p>\n<p>Stay ahead of the curve in the ever-evolving world of technology recruitment. Our newsletter keeps you in the loop with the latest industry trends, providing valuable insights for both companies and job seekers.<\/p>\n<p>[\/et_pb_text][et_pb_button button_url=&#8221;#newsletter&#8221; button_text=&#8221;Subscribe&#8221; _builder_version=&#8221;4.27.4&#8243; _module_preset=&#8221;default&#8221; custom_button=&#8221;on&#8221; button_text_color=&#8221;#FFFFFF&#8221; button_bg_color=&#8221;#E36E5C&#8221; button_border_color=&#8221;#E36E5C&#8221; custom_margin=&#8221;||14px|||&#8221; hover_enabled=&#8221;0&#8243; global_colors_info=&#8221;{}&#8221; sticky_enabled=&#8221;0&#8243; locked=&#8221;off&#8221;][\/et_pb_button][et_pb_button button_url=&#8221;https:\/\/www.linkedin.com\/build-relation\/newsletter-follow?entityUrn=7018893826123513856&#8243; url_new_window=&#8221;on&#8221; button_text=&#8221;On Linkedin&#8221; _builder_version=&#8221;4.27.4&#8243; _module_preset=&#8221;default&#8221; custom_button=&#8221;on&#8221; button_bg_color=&#8221;#FFFFFF&#8221; button_border_color=&#8221;#FFFFFF&#8221; global_colors_info=&#8221;{}&#8221; button_border_color__hover=&#8221;#FFFFFF&#8221; button_border_color__hover_enabled=&#8221;on|hover&#8221;][\/et_pb_button][\/et_pb_column][et_pb_column type=&#8221;2_5&#8243; _builder_version=&#8221;4.16&#8243; custom_padding=&#8221;|||&#8221; global_colors_info=&#8221;{}&#8221; custom_padding__hover=&#8221;|||&#8221;][et_pb_image src=&#8221;http:\/\/globalm.io\/wp-content\/uploads\/2025\/05\/Untitled-design-65.png&#8221; title_text=&#8221;Untitled design (65)&#8221; _builder_version=&#8221;4.27.4&#8243; _module_preset=&#8221;default&#8221; global_colors_info=&#8221;{}&#8221;][\/et_pb_image][\/et_pb_column][\/et_pb_row][\/et_pb_section]<\/p>\n","protected":false},"excerpt":{"rendered":"<p>Bienvenido a nuestra p\u00e1gina de Carreras, su puerta de entrada a un mundo de oportunidades interesantes a trav\u00e9s de nuestra Plataforma de Empleo. Explore una amplia gama de vacantes con nuestros estimados clientes y emb\u00e1rquese en un viaje hacia la carrera de sus sue\u00f1os. \u00a1Descubre las infinitas posibilidades que te esperan!<\/p>","protected":false},"author":1,"featured_media":30,"parent":0,"menu_order":0,"comment_status":"closed","ping_status":"closed","template":"","meta":{"_acf_changed":false,"_et_pb_use_builder":"on","_et_pb_old_content":"","_et_gb_content_width":"","footnotes":""},"class_list":["post-7387","page","type-page","status-publish","has-post-thumbnail","hentry"],"acf":[],"aioseo_notices":[],"_links":{"self":[{"href":"https:\/\/globalm.io\/es\/wp-json\/wp\/v2\/pages\/7387","targetHints":{"allow":["GET"]}}],"collection":[{"href":"https:\/\/globalm.io\/es\/wp-json\/wp\/v2\/pages"}],"about":[{"href":"https:\/\/globalm.io\/es\/wp-json\/wp\/v2\/types\/page"}],"author":[{"embeddable":true,"href":"https:\/\/globalm.io\/es\/wp-json\/wp\/v2\/users\/1"}],"replies":[{"embeddable":true,"href":"https:\/\/globalm.io\/es\/wp-json\/wp\/v2\/comments?post=7387"}],"version-history":[{"count":15,"href":"https:\/\/globalm.io\/es\/wp-json\/wp\/v2\/pages\/7387\/revisions"}],"predecessor-version":[{"id":8931,"href":"https:\/\/globalm.io\/es\/wp-json\/wp\/v2\/pages\/7387\/revisions\/8931"}],"wp:featuredmedia":[{"embeddable":true,"href":"https:\/\/globalm.io\/es\/wp-json\/wp\/v2\/media\/30"}],"wp:attachment":[{"href":"https:\/\/globalm.io\/es\/wp-json\/wp\/v2\/media?parent=7387"}],"curies":[{"name":"gracias","href":"https:\/\/api.w.org\/{rel}","templated":true}]}}