{"id":6156,"date":"2023-07-17T12:35:50","date_gmt":"2023-07-17T12:35:50","guid":{"rendered":"http:\/\/globalm.io\/?page_id=6156"},"modified":"2025-08-12T07:58:19","modified_gmt":"2025-08-12T07:58:19","slug":"events","status":"publish","type":"page","link":"https:\/\/globalm.io\/es\/events\/","title":{"rendered":"nuestros eventos"},"content":{"rendered":"<p>[et_pb_section fb_built=&#8221;1&#8243; custom_padding_last_edited=&#8221;on|tablet&#8221; next_background_color=&#8221;#ffffff&#8221; admin_label=&#8221;Page Title Section&#8221; _builder_version=&#8221;4.27.4&#8243; use_background_color_gradient=&#8221;on&#8221; background_color_gradient_direction=&#8221;100deg&#8221; background_color_gradient_stops=&#8221;#e36e5c 0%|#e78b7d 100%&#8221; background_color_gradient_start=&#8221;#e36e5c&#8221; background_color_gradient_end=&#8221;#e78b7d&#8221; background_enable_image=&#8221;off&#8221; custom_padding=&#8221;15px||92px||false|false&#8221; custom_padding_tablet=&#8221;15px||92px||false|false&#8221; custom_padding_phone=&#8221;15px||50px||false|false&#8221; bottom_divider_style=&#8221;wave2&#8243; bottom_divider_flip=&#8221;horizontal&#8221; bottom_divider_arrangement=&#8221;above_content&#8221; bottom_divider_height_tablet=&#8221;75px&#8221; bottom_divider_height_phone=&#8221;50px&#8221; bottom_divider_height_last_edited=&#8221;on|phone&#8221; locked=&#8221;off&#8221; global_colors_info=&#8221;{}&#8221;][et_pb_row _builder_version=&#8221;4.27.4&#8243; _module_preset=&#8221;default&#8221; custom_padding=&#8221;||27px|||&#8221; global_colors_info=&#8221;{}&#8221;][et_pb_column type=&#8221;4_4&#8243; _builder_version=&#8221;4.27.4&#8243; _module_preset=&#8221;default&#8221; global_colors_info=&#8221;{}&#8221;][et_pb_post_title meta=&#8221;off&#8221; featured_image=&#8221;off&#8221; _builder_version=&#8221;4.27.4&#8243; _module_preset=&#8221;default&#8221; title_level=&#8221;h2&#8243; title_font=&#8221;|800||on|||||&#8221; title_text_color=&#8221;#FFFFFF&#8221; title_font_size=&#8221;40px&#8221; custom_margin=&#8221;||5px|||&#8221; global_colors_info=&#8221;{}&#8221;][\/et_pb_post_title][et_pb_text _builder_version=&#8221;4.27.4&#8243; _module_preset=&#8221;default&#8221; text_font=&#8221;||||||||&#8221; text_text_color=&#8221;#FFFFFF&#8221; header_3_text_color=&#8221;#FFFFFF&#8221; global_colors_info=&#8221;{}&#8221;]<\/p>\n<h3>Discover our previous events and sign up for our upcoming ones!<\/h3>\n<p>[\/et_pb_text][\/et_pb_column][\/et_pb_row][\/et_pb_section][et_pb_section fb_built=&#8221;1&#8243; _builder_version=&#8221;4.27.4&#8243; _module_preset=&#8221;default&#8221; custom_padding=&#8221;14px||20px|||&#8221; global_colors_info=&#8221;{}&#8221;][et_pb_row column_structure=&#8221;1_2,1_2&#8243; make_equal=&#8221;on&#8221; _builder_version=&#8221;4.27.4&#8243; _module_preset=&#8221;default&#8221; custom_css_main_element=&#8221;align-items: center!important;&#8221; global_colors_info=&#8221;{}&#8221;][et_pb_column type=&#8221;1_2&#8243; _builder_version=&#8221;4.27.4&#8243; _module_preset=&#8221;default&#8221; global_colors_info=&#8221;{}&#8221;][et_pb_text _builder_version=&#8221;4.27.4&#8243; _module_preset=&#8221;default&#8221; header_2_text_color=&#8221;#E36E5C&#8221; custom_margin=&#8221;||5px||false|false&#8221; custom_padding=&#8221;||9px||false|false&#8221; global_colors_info=&#8221;{}&#8221;]<\/p>\n<h2>Why join our events?<\/h2>\n<p><strong>Our events build a diverse and inclusive community around recruitment and the tech industry. We host in-person events around the world, as well as online webinars and panels.<\/strong><\/p>\n<p>Whether you&#8217;re a hiring manager or a job seeker, our events are a great way to find the perfect candidates or connect with amazing actors from the tech sector.Our events are designed to bring people together from all walks of life. We believe that diversity and inclusion are essential for building a strong and successful tech community.<\/p>\n<p>[\/et_pb_text][et_pb_button button_url=&#8221;https:\/\/www.eventbrite.co.uk\/o\/global-m-20034702038&#8243; url_new_window=&#8221;on&#8221; button_text=&#8221;Join an event&#8221; _builder_version=&#8221;4.27.4&#8243; _module_preset=&#8221;default&#8221; custom_margin=&#8221;11px||4px||false|false&#8221; custom_padding=&#8221;||||false|false&#8221; global_colors_info=&#8221;{}&#8221;][\/et_pb_button][\/et_pb_column][et_pb_column type=&#8221;1_2&#8243; _builder_version=&#8221;4.27.4&#8243; _module_preset=&#8221;default&#8221; global_colors_info=&#8221;{}&#8221;][et_pb_video src=&#8221;https:\/\/www.youtube.com\/watch?v=qOsCfHzJGxc&#8221; image_src=&#8221;https:\/\/globalm.io\/wp-content\/uploads\/2023\/06\/Untitled-design-17.jpg&#8221; _builder_version=&#8221;4.27.4&#8243; _module_preset=&#8221;default&#8221; border_radii=&#8221;on|20px|20px|20px|20px&#8221; global_colors_info=&#8221;{}&#8221;][\/et_pb_video][\/et_pb_column][\/et_pb_row][\/et_pb_section][et_pb_section fb_built=&#8221;1&#8243; prev_background_color=&#8221;#ffffff&#8221; admin_label=&#8221;FAQ Section&#8221; _builder_version=&#8221;4.27.4&#8243; background_color=&#8221;#E36E5C&#8221; background_enable_image=&#8221;off&#8221; background_position=&#8221;bottom_center&#8221; custom_margin=&#8221;0px||||false|false&#8221; custom_padding=&#8221;81px|0px|66px||false|false&#8221; top_divider_style=&#8221;wave2&#8243; top_divider_height_tablet=&#8221;&#8221; top_divider_height_phone=&#8221;50px&#8221; top_divider_height_last_edited=&#8221;on|phone&#8221; bottom_divider_style=&#8221;wave2&#8243; bottom_divider_color=&#8221;#FFFFFF&#8221; bottom_divider_height_tablet=&#8221;&#8221; bottom_divider_height_phone=&#8221;50px&#8221; bottom_divider_height_last_edited=&#8221;on|desktop&#8221; locked=&#8221;off&#8221; global_colors_info=&#8221;{}&#8221;][et_pb_row admin_label=&#8221;Title Area&#8221; _builder_version=&#8221;4.16&#8243; custom_padding=&#8221;||4px|||&#8221; locked=&#8221;off&#8221; global_colors_info=&#8221;{}&#8221;][et_pb_column type=&#8221;4_4&#8243; _builder_version=&#8221;4.16&#8243; custom_padding=&#8221;|||&#8221; global_colors_info=&#8221;{}&#8221; custom_padding__hover=&#8221;|||&#8221;][et_pb_text _builder_version=&#8221;4.27.4&#8243; _module_preset=&#8221;default&#8221; header_font=&#8221;|800|||||||&#8221; header_2_text_color=&#8221;#FFFFFF&#8221; header_3_text_color=&#8221;#E36E5C&#8221; custom_margin=&#8221;||6px|||&#8221; custom_padding=&#8221;||9px|||&#8221; global_colors_info=&#8221;{}&#8221;]<\/p>\n<h2>Previous events of global m<\/h2>\n<p>[\/et_pb_text][\/et_pb_column][\/et_pb_row][et_pb_row column_structure=&#8221;1_3,1_3,1_3&#8243; _builder_version=&#8221;4.27.4&#8243; _module_preset=&#8221;default&#8221; custom_padding=&#8221;16px|||||&#8221; global_colors_info=&#8221;{}&#8221;][et_pb_column type=&#8221;1_3&#8243; _builder_version=&#8221;4.27.4&#8243; _module_preset=&#8221;default&#8221; global_colors_info=&#8221;{}&#8221;][et_pb_blurb title=&#8221;International Women&#8217;s Day Event&#8221; image=&#8221;https:\/\/globalm.io\/wp-content\/uploads\/2023\/07\/Stock-pics-for-the-website-1.jpg&#8221; _builder_version=&#8221;4.27.4&#8243; _module_preset=&#8221;default&#8221; header_level=&#8221;h3&#8243; header_font=&#8221;||||||||&#8221; header_text_color=&#8221;#FFFFFF&#8221; body_text_color=&#8221;#FFFFFF&#8221; border_radii_image=&#8221;on|20px|20px|20px|20px&#8221; box_shadow_style_image=&#8221;preset1&#8243; global_colors_info=&#8221;{}&#8221;]<\/p>\n<p><strong>BARCELONA:<\/strong> Global M organised a networking and knowledge-sharing event in Barcelona for our colleagues from Talent Acquisition, Technology and Business Industries. This time we wanted to talk about women\u2019s path in technology and showcase different perspectives on this important topic.<\/p>\n<p>&nbsp;<\/p>\n<p>[\/et_pb_blurb][\/et_pb_column][et_pb_column type=&#8221;1_3&#8243; _builder_version=&#8221;4.27.4&#8243; _module_preset=&#8221;default&#8221; global_colors_info=&#8221;{}&#8221;][et_pb_blurb title=&#8221;ENTREPRENEURSHIP EVENT&#8221; image=&#8221;https:\/\/globalm.io\/wp-content\/uploads\/2023\/07\/26.jpg&#8221; _builder_version=&#8221;4.27.4&#8243; _module_preset=&#8221;default&#8221; header_level=&#8221;h3&#8243; header_font=&#8221;||||||||&#8221; header_text_color=&#8221;#FFFFFF&#8221; body_text_color=&#8221;#FFFFFF&#8221; border_radii_image=&#8221;on|20px|20px|20px|20px&#8221; box_shadow_style_image=&#8221;preset1&#8243; global_colors_info=&#8221;{}&#8221;]<\/p>\n<p><strong>BERLIN: <\/strong>Global M invited start-ups, scale-ups, and corporations to our Intrapreneur event hosted in Ahoy Berlin to learn from one another. The focus was on innovation through digitalisation; adopting technology to automate and change a product, sector, or department through intrapreneurship.<\/p>\n<p>&nbsp;<\/p>\n<p>[\/et_pb_blurb][\/et_pb_column][et_pb_column type=&#8221;1_3&#8243; _builder_version=&#8221;4.27.4&#8243; _module_preset=&#8221;default&#8221; global_colors_info=&#8221;{}&#8221;][et_pb_blurb title=&#8221;Talent Acquisition Meet-up&#8221; image=&#8221;https:\/\/globalm.io\/wp-content\/uploads\/2023\/07\/28.jpg&#8221; _builder_version=&#8221;4.27.4&#8243; _module_preset=&#8221;default&#8221; header_level=&#8221;h3&#8243; header_font=&#8221;||||||||&#8221; header_text_color=&#8221;#FFFFFF&#8221; body_text_color=&#8221;#FFFFFF&#8221; border_radii_image=&#8221;on|20px|20px|20px|20px&#8221; box_shadow_style_image=&#8221;preset1&#8243; global_colors_info=&#8221;{}&#8221;]<\/p>\n<p><strong>BARCELONA: <\/strong>On June the 2nd, Global M hosted a Talent Acquisition Meet-up in Barcelona. Our aim was to reunite people from the Talent Acquisition, Business, and Tech communities, and use this time to share experiences, learnings, and opportunities to network.<\/p>\n<p>&nbsp;<\/p>\n<p>[\/et_pb_blurb][\/et_pb_column][\/et_pb_row][\/et_pb_section][et_pb_section fb_built=&#8221;1&#8243; admin_label=&#8221;Subscription Section&#8221; _builder_version=&#8221;4.27.4&#8243; background_enable_color=&#8221;off&#8221; background_enable_image=&#8221;off&#8221; background_position=&#8221;top_center&#8221; custom_padding=&#8221;10px||10px||true|&#8221; top_divider_height=&#8221;75px&#8221; top_divider_flip=&#8221;horizontal&#8221; top_divider_height_tablet=&#8221;75px&#8221; top_divider_height_phone=&#8221;50px&#8221; top_divider_height_last_edited=&#8221;on|phone&#8221; bottom_divider_height=&#8221;75px&#8221; bottom_divider_height_tablet=&#8221;75px&#8221; bottom_divider_height_phone=&#8221;50px&#8221; bottom_divider_height_last_edited=&#8221;on|phone&#8221; locked=&#8221;off&#8221; global_colors_info=&#8221;{}&#8221;][et_pb_row column_structure=&#8221;3_5,2_5&#8243; use_custom_gutter=&#8221;on&#8221; gutter_width=&#8221;1&#8243; custom_padding_last_edited=&#8221;on|phone&#8221; admin_label=&#8221;Subscription Area&#8221; _builder_version=&#8221;4.27.4&#8243; custom_padding=&#8221;36px|||||&#8221; custom_padding_tablet=&#8221;87px|||||&#8221; custom_padding_phone=&#8221;40px||||false|false&#8221; locked=&#8221;off&#8221; global_colors_info=&#8221;{}&#8221;][et_pb_column type=&#8221;3_5&#8243; _builder_version=&#8221;4.16&#8243; custom_padding=&#8221;|||&#8221; global_colors_info=&#8221;{}&#8221; custom_padding__hover=&#8221;|||&#8221;][et_pb_text admin_label=&#8221;Title&#8221; _builder_version=&#8221;4.27.4&#8243; text_font=&#8221;||||||||&#8221; header_font=&#8221;||||||||&#8221; header_text_align=&#8221;left&#8221; header_text_color=&#8221;#E36E5C&#8221; header_line_height=&#8221;1.2em&#8221; header_2_font=&#8221;|800|||||||&#8221; header_2_text_align=&#8221;left&#8221; header_2_text_color=&#8221;#E36E5C&#8221; header_2_font_size=&#8221;80px&#8221; custom_margin=&#8221;||4px|||&#8221; animation_style=&#8221;slide&#8221; animation_direction=&#8221;top&#8221; animation_intensity_slide=&#8221;10%&#8221; animation_starting_opacity=&#8221;100%&#8221; global_colors_info=&#8221;{}&#8221;]<\/p>\n<h2>20,000+<\/h2>\n<p>[\/et_pb_text][et_pb_text admin_label=&#8221;Subtitle&#8221; _builder_version=&#8221;4.27.4&#8243; text_font=&#8221;|700||on|||||&#8221; text_text_color=&#8221;#E36E5C&#8221; text_font_size=&#8221;18px&#8221; text_letter_spacing=&#8221;2px&#8221; header_text_align=&#8221;left&#8221; header_2_text_align=&#8221;left&#8221; custom_margin=&#8221;||22px|||&#8221; animation_style=&#8221;slide&#8221; animation_direction=&#8221;top&#8221; animation_intensity_slide=&#8221;10%&#8221; animation_starting_opacity=&#8221;100%&#8221; global_colors_info=&#8221;{}&#8221;]<\/p>\n<p>Active subscribers<\/p>\n<p>[\/et_pb_text][et_pb_text admin_label=&#8221;Subtitle&#8221; _builder_version=&#8221;4.27.4&#8243; text_font_size=&#8221;18px&#8221; custom_margin=&#8221;||29px|||&#8221; animation_style=&#8221;slide&#8221; animation_direction=&#8221;top&#8221; animation_intensity_slide=&#8221;10%&#8221; animation_starting_opacity=&#8221;100%&#8221; global_colors_info=&#8221;{}&#8221;]<\/p>\n<p>Stay ahead of the curve in the ever-evolving world of technology recruitment. Our newsletter keeps you in the loop with the latest industry trends, providing valuable insights for both companies and job seekers.<\/p>\n<p>[\/et_pb_text][et_pb_button button_url=&#8221;#newsletter&#8221; button_text=&#8221;Subscribe&#8221; _builder_version=&#8221;4.27.4&#8243; _module_preset=&#8221;default&#8221; custom_button=&#8221;on&#8221; button_text_color=&#8221;#FFFFFF&#8221; button_bg_color=&#8221;#E36E5C&#8221; button_border_color=&#8221;#E36E5C&#8221; custom_margin=&#8221;||14px|||&#8221; hover_enabled=&#8221;0&#8243; global_colors_info=&#8221;{}&#8221; sticky_enabled=&#8221;0&#8243; locked=&#8221;off&#8221;][\/et_pb_button][et_pb_button button_url=&#8221;https:\/\/www.linkedin.com\/build-relation\/newsletter-follow?entityUrn=7018893826123513856&#8243; url_new_window=&#8221;on&#8221; button_text=&#8221;On Linkedin&#8221; _builder_version=&#8221;4.27.4&#8243; _module_preset=&#8221;default&#8221; custom_button=&#8221;on&#8221; button_bg_color=&#8221;#FFFFFF&#8221; button_border_color=&#8221;#E36E5C&#8221; global_colors_info=&#8221;{}&#8221; button_border_color__hover=&#8221;#E36E5C&#8221; button_border_color__hover_enabled=&#8221;on|hover&#8221;][\/et_pb_button][\/et_pb_column][et_pb_column type=&#8221;2_5&#8243; _builder_version=&#8221;4.16&#8243; custom_padding=&#8221;|||&#8221; global_colors_info=&#8221;{}&#8221; custom_padding__hover=&#8221;|||&#8221;][et_pb_image src=&#8221;http:\/\/globalm.io\/wp-content\/uploads\/2025\/05\/Untitled-design-65.png&#8221; title_text=&#8221;Untitled design (65)&#8221; _builder_version=&#8221;4.27.4&#8243; _module_preset=&#8221;default&#8221; global_colors_info=&#8221;{}&#8221;][\/et_pb_image][\/et_pb_column][\/et_pb_row][\/et_pb_section]<\/p>\n","protected":false},"excerpt":{"rendered":"<p>Global M es una consultora de contrataci\u00f3n l\u00edder que se especializa en la industria tecnol\u00f3gica. Organizamos y llevamos a cabo incre\u00edbles eventos de reclutamiento, donde podr\u00e1s conocer a los mejores talentos tecnol\u00f3gicos de todo el mundo. Nuestros eventos son una excelente manera de encontrar los candidatos perfectos para sus puestos vacantes y de establecer contactos con otros profesionales de la tecnolog\u00eda. Visite nuestra p\u00e1gina de eventos hoy para obtener m\u00e1s informaci\u00f3n sobre nuestros pr\u00f3ximos eventos y registrarse para su lugar.<\/p>","protected":false},"author":1,"featured_media":19,"parent":0,"menu_order":0,"comment_status":"closed","ping_status":"closed","template":"","meta":{"_acf_changed":false,"_et_pb_use_builder":"on","_et_pb_old_content":"","_et_gb_content_width":"","footnotes":""},"class_list":["post-6156","page","type-page","status-publish","has-post-thumbnail","hentry"],"acf":[],"aioseo_notices":[],"_links":{"self":[{"href":"https:\/\/globalm.io\/es\/wp-json\/wp\/v2\/pages\/6156","targetHints":{"allow":["GET"]}}],"collection":[{"href":"https:\/\/globalm.io\/es\/wp-json\/wp\/v2\/pages"}],"about":[{"href":"https:\/\/globalm.io\/es\/wp-json\/wp\/v2\/types\/page"}],"author":[{"embeddable":true,"href":"https:\/\/globalm.io\/es\/wp-json\/wp\/v2\/users\/1"}],"replies":[{"embeddable":true,"href":"https:\/\/globalm.io\/es\/wp-json\/wp\/v2\/comments?post=6156"}],"version-history":[{"count":32,"href":"https:\/\/globalm.io\/es\/wp-json\/wp\/v2\/pages\/6156\/revisions"}],"predecessor-version":[{"id":8933,"href":"https:\/\/globalm.io\/es\/wp-json\/wp\/v2\/pages\/6156\/revisions\/8933"}],"wp:featuredmedia":[{"embeddable":true,"href":"https:\/\/globalm.io\/es\/wp-json\/wp\/v2\/media\/19"}],"wp:attachment":[{"href":"https:\/\/globalm.io\/es\/wp-json\/wp\/v2\/media?parent=6156"}],"curies":[{"name":"gracias","href":"https:\/\/api.w.org\/{rel}","templated":true}]}}