{"id":6057,"date":"2023-07-12T07:56:36","date_gmt":"2023-07-12T07:56:36","guid":{"rendered":"http:\/\/globalm.io\/?page_id=6057"},"modified":"2025-06-09T12:37:24","modified_gmt":"2025-06-09T12:37:24","slug":"blog","status":"publish","type":"page","link":"https:\/\/globalm.io\/es\/blog\/","title":{"rendered":"Blog"},"content":{"rendered":"<p>[et_pb_section fb_built=&#8221;1&#8243; custom_padding_last_edited=&#8221;on|tablet&#8221; next_background_color=&#8221;#ffffff&#8221; admin_label=&#8221;Page Title Section&#8221; _builder_version=&#8221;4.27.4&#8243; use_background_color_gradient=&#8221;on&#8221; background_color_gradient_direction=&#8221;100deg&#8221; background_color_gradient_stops=&#8221;#e36e5c 0%|#e78b7d 100%&#8221; background_color_gradient_start=&#8221;#e36e5c&#8221; background_color_gradient_end=&#8221;#e78b7d&#8221; background_enable_image=&#8221;off&#8221; custom_padding=&#8221;15px||92px||false|false&#8221; custom_padding_tablet=&#8221;15px||92px||false|false&#8221; custom_padding_phone=&#8221;15px||50px||false|false&#8221; bottom_divider_style=&#8221;wave2&#8243; bottom_divider_flip=&#8221;horizontal&#8221; bottom_divider_arrangement=&#8221;above_content&#8221; bottom_divider_height_tablet=&#8221;75px&#8221; bottom_divider_height_phone=&#8221;50px&#8221; bottom_divider_height_last_edited=&#8221;on|phone&#8221; locked=&#8221;off&#8221; global_colors_info=&#8221;{}&#8221;][et_pb_row _builder_version=&#8221;4.27.4&#8243; _module_preset=&#8221;default&#8221; custom_padding=&#8221;||27px|||&#8221; global_colors_info=&#8221;{}&#8221;][et_pb_column type=&#8221;4_4&#8243; _builder_version=&#8221;4.27.4&#8243; _module_preset=&#8221;default&#8221; global_colors_info=&#8221;{}&#8221;][et_pb_post_title meta=&#8221;off&#8221; featured_image=&#8221;off&#8221; _builder_version=&#8221;4.27.4&#8243; _module_preset=&#8221;default&#8221; title_level=&#8221;h2&#8243; title_font=&#8221;|800||on|||||&#8221; title_text_color=&#8221;#FFFFFF&#8221; title_font_size=&#8221;40px&#8221; custom_margin=&#8221;||5px|||&#8221; global_colors_info=&#8221;{}&#8221;][\/et_pb_post_title][et_pb_text _builder_version=&#8221;4.27.4&#8243; _module_preset=&#8221;default&#8221; text_font=&#8221;||||||||&#8221; text_text_color=&#8221;#FFFFFF&#8221; header_3_text_color=&#8221;#FFFFFF&#8221; global_colors_info=&#8221;{}&#8221;]<\/p>\n<h3>Your Source for Recruitment Trends and Tips.<\/h3>\n<p>[\/et_pb_text][\/et_pb_column][\/et_pb_row][\/et_pb_section][et_pb_section fb_built=&#8221;1&#8243; admin_label=&#8221;Blog Section&#8221; _builder_version=&#8221;4.27.4&#8243; custom_margin=&#8221;|||&#8221; custom_padding=&#8221;17px||22px|||&#8221; global_colors_info=&#8221;{}&#8221;][et_pb_row _builder_version=&#8221;4.27.4&#8243; _module_preset=&#8221;default&#8221; global_colors_info=&#8221;{}&#8221;][et_pb_column type=&#8221;4_4&#8243; _builder_version=&#8221;4.27.4&#8243; _module_preset=&#8221;default&#8221; global_colors_info=&#8221;{}&#8221;][dpdfg_filtergrid include_categories=&#8221;17,20,50,16,19,15,18&#8243; thumbnail_size=&#8221;1080&#215;9999&#8243; title_link=&#8221;on&#8221; show_date=&#8221;on&#8221; show_content=&#8221;on&#8221; truncate_content=&#8221;220&#8243; truncate_excerpt=&#8221;on&#8221; read_more=&#8221;on&#8221; multifilter=&#8221;on&#8221; items_width=&#8221;30%&#8221; popup_bg=&#8221;#E36E5C&#8221; hover_icon=&#8221;&#xf35d;||fa||900&#8243; overlay_icon_color=&#8221;#343434&#8243; hover_overlay_color=&#8221;rgba(52,52,52,0.28)&#8221; dfg_loader=&#8221;c1&#8243; dfg_lc1=&#8221;#E36E5C&#8221; dfg_lc2=&#8221;#EFEFEF&#8221; _builder_version=&#8221;4.27.4&#8243; _module_preset=&#8221;default&#8221; dpdfg_filters_text_color=&#8221;#E36E5C&#8221; dpdfg_pagination_text_color=&#8221;#E36E5C&#8221; custom_read_more_button=&#8221;on&#8221; read_more_button_text_size=&#8221;17px&#8221; read_more_button_border_width=&#8221;1px&#8221; read_more_button_border_radius=&#8221;11px&#8221; read_more_button_icon=&#8221;&#xf35d;||fa||900&#8243; read_more_button_on_hover=&#8221;off&#8221; read_more_button_alignment=&#8221;left&#8221; custom_margin=&#8221;||||false|false&#8221; custom_padding=&#8221;||||false|false&#8221; hover_enabled=&#8221;0&#8243; custom_css_entry-button=&#8221;padding-bottom: 20px!important;||padding-top: 10px;&#8221; border_radii=&#8221;on|20px|20px|20px|20px&#8221; global_colors_info=&#8221;{}&#8221; custom_css_entry-header=&#8221;margin-top: 8px;&#8221; sticky_enabled=&#8221;0&#8243;][\/dpdfg_filtergrid][\/et_pb_column][\/et_pb_row][\/et_pb_section]<\/p>\n","protected":false},"excerpt":{"rendered":"<p>Aqu\u00ed es donde encontrar\u00e1 las \u00faltimas entrevistas con l\u00edderes de la industria, noticias sobre el sector tecnol\u00f3gico e informaci\u00f3n sobre las tendencias de contrataci\u00f3n. Nos apasiona ayudar a empresas e individuos a tener \u00e9xito, por lo que nos entusiasma compartir nuestro conocimiento y experiencia con usted aqu\u00ed.<\/p>","protected":false},"author":1,"featured_media":30,"parent":0,"menu_order":0,"comment_status":"closed","ping_status":"closed","template":"","meta":{"_acf_changed":false,"_et_pb_use_builder":"on","_et_pb_old_content":"","_et_gb_content_width":"","footnotes":""},"class_list":["post-6057","page","type-page","status-publish","has-post-thumbnail","hentry"],"acf":[],"aioseo_notices":[],"_links":{"self":[{"href":"https:\/\/globalm.io\/es\/wp-json\/wp\/v2\/pages\/6057","targetHints":{"allow":["GET"]}}],"collection":[{"href":"https:\/\/globalm.io\/es\/wp-json\/wp\/v2\/pages"}],"about":[{"href":"https:\/\/globalm.io\/es\/wp-json\/wp\/v2\/types\/page"}],"author":[{"embeddable":true,"href":"https:\/\/globalm.io\/es\/wp-json\/wp\/v2\/users\/1"}],"replies":[{"embeddable":true,"href":"https:\/\/globalm.io\/es\/wp-json\/wp\/v2\/comments?post=6057"}],"version-history":[{"count":23,"href":"https:\/\/globalm.io\/es\/wp-json\/wp\/v2\/pages\/6057\/revisions"}],"predecessor-version":[{"id":8819,"href":"https:\/\/globalm.io\/es\/wp-json\/wp\/v2\/pages\/6057\/revisions\/8819"}],"wp:featuredmedia":[{"embeddable":true,"href":"https:\/\/globalm.io\/es\/wp-json\/wp\/v2\/media\/30"}],"wp:attachment":[{"href":"https:\/\/globalm.io\/es\/wp-json\/wp\/v2\/media?parent=6057"}],"curies":[{"name":"gracias","href":"https:\/\/api.w.org\/{rel}","templated":true}]}}