{"id":6047,"date":"2023-07-12T07:27:51","date_gmt":"2023-07-12T07:27:51","guid":{"rendered":"http:\/\/globalm.io\/?page_id=6047"},"modified":"2025-08-12T07:58:12","modified_gmt":"2025-08-12T07:58:12","slug":"contact-us","status":"publish","type":"page","link":"https:\/\/globalm.io\/es\/contact-us\/","title":{"rendered":"Cont\u00e1ctenos"},"content":{"rendered":"<p>[et_pb_section fb_built=&#8221;1&#8243; custom_padding_last_edited=&#8221;on|tablet&#8221; admin_label=&#8221;Page Title Section&#8221; _builder_version=&#8221;4.27.4&#8243; use_background_color_gradient=&#8221;on&#8221; background_color_gradient_direction=&#8221;100deg&#8221; background_color_gradient_stops=&#8221;#e36e5c 0%|#e78b7d 100%&#8221; background_color_gradient_start=&#8221;#e36e5c&#8221; background_color_gradient_end=&#8221;#e78b7d&#8221; background_enable_image=&#8221;off&#8221; custom_padding=&#8221;15px||92px||false|false&#8221; custom_padding_tablet=&#8221;15px||92px||false|false&#8221; custom_padding_phone=&#8221;15px||50px||false|false&#8221; bottom_divider_style=&#8221;wave2&#8243; bottom_divider_color=&#8221;#FFFFFF&#8221; bottom_divider_flip=&#8221;horizontal&#8221; bottom_divider_arrangement=&#8221;above_content&#8221; bottom_divider_height_tablet=&#8221;75px&#8221; bottom_divider_height_phone=&#8221;50px&#8221; bottom_divider_height_last_edited=&#8221;on|phone&#8221; locked=&#8221;off&#8221; global_colors_info=&#8221;{}&#8221;][et_pb_row _builder_version=&#8221;4.27.4&#8243; _module_preset=&#8221;default&#8221; custom_padding=&#8221;||27px|||&#8221; global_colors_info=&#8221;{}&#8221;][et_pb_column type=&#8221;4_4&#8243; _builder_version=&#8221;4.27.4&#8243; _module_preset=&#8221;default&#8221; global_colors_info=&#8221;{}&#8221;][et_pb_post_title meta=&#8221;off&#8221; featured_image=&#8221;off&#8221; _builder_version=&#8221;4.27.4&#8243; _module_preset=&#8221;default&#8221; title_level=&#8221;h2&#8243; title_font=&#8221;|800||on|||||&#8221; title_text_color=&#8221;#FFFFFF&#8221; title_font_size=&#8221;40px&#8221; custom_margin=&#8221;||5px|||&#8221; global_colors_info=&#8221;{}&#8221;][\/et_pb_post_title][et_pb_text _builder_version=&#8221;4.27.4&#8243; _module_preset=&#8221;default&#8221; text_font=&#8221;||||||||&#8221; text_text_color=&#8221;#FFFFFF&#8221; header_3_text_color=&#8221;#FFFFFF&#8221; custom_margin=&#8221;||15px|||&#8221; global_colors_info=&#8221;{}&#8221;]<\/p>\n<h3>Your Next Hires are Just a Message Away<\/h3>\n<p>[\/et_pb_text][et_pb_button button_url=&#8221;#contact&#8221; button_text=&#8221;contact&#8221; _builder_version=&#8221;4.27.4&#8243; _module_preset=&#8221;default&#8221; custom_button=&#8221;on&#8221; button_bg_color=&#8221;#FFFFFF&#8221; button_border_color=&#8221;#FFFFFF&#8221; global_colors_info=&#8221;{}&#8221; button_border_color__hover=&#8221;#FFFFFF&#8221; button_border_color__hover_enabled=&#8221;on|hover&#8221;][\/et_pb_button][\/et_pb_column][\/et_pb_row][\/et_pb_section][et_pb_section fb_built=&#8221;1&#8243; custom_padding_last_edited=&#8221;on|phone&#8221; admin_label=&#8221;Yearly Report Section&#8221; module_id=&#8221;bookademo&#8221; _builder_version=&#8221;4.27.4&#8243; custom_margin=&#8221;|||&#8221; custom_padding=&#8221;10px||0px||false|false&#8221; custom_padding_tablet=&#8221;10px||0px||false|false&#8221; custom_padding_phone=&#8221;10px||40px||false|false&#8221; top_divider_height_tablet=&#8221;&#8221; top_divider_height_phone=&#8221;&#8221; top_divider_height_last_edited=&#8221;on|phone&#8221; bottom_divider_style=&#8221;curve2&#8243; bottom_divider_color=&#8221;#E36E5C&#8221; bottom_divider_height=&#8221;75px&#8221; bottom_divider_arrangement=&#8221;above_content&#8221; bottom_divider_height_tablet=&#8221;75px&#8221; bottom_divider_height_phone=&#8221;50px&#8221; bottom_divider_height_last_edited=&#8221;on|phone&#8221; global_module=&#8221;8563&#8243; global_colors_info=&#8221;{}&#8221;][et_pb_row column_structure=&#8221;1_2,1_2&#8243; make_equal=&#8221;on&#8221; custom_padding_last_edited=&#8221;on|desktop&#8221; _builder_version=&#8221;4.27.4&#8243; _module_preset=&#8221;default&#8221; width=&#8221;100%&#8221; max_width=&#8221;1400px&#8221; custom_margin=&#8221;|auto|0px|auto|false|false&#8221; custom_padding=&#8221;||0px||false|false&#8221; custom_padding_tablet=&#8221;||0px||false|false&#8221; custom_padding_phone=&#8221;||0px||false|false&#8221; custom_css_main_element=&#8221;align-items: center !important;&#8221; global_colors_info=&#8221;{}&#8221;][et_pb_column type=&#8221;1_2&#8243; _builder_version=&#8221;4.27.4&#8243; _module_preset=&#8221;default&#8221; global_colors_info=&#8221;{}&#8221;][et_pb_image src=&#8221;http:\/\/globalm.io\/wp-content\/uploads\/2025\/05\/Untitled-design-68.png&#8221; title_text=&#8221;Untitled design (68)&#8221; force_fullwidth=&#8221;on&#8221; align_tablet=&#8221;center&#8221; align_phone=&#8221;center&#8221; align_last_edited=&#8221;on|desktop&#8221; _builder_version=&#8221;4.27.4&#8243; animation_style=&#8221;fade&#8221; border_radii=&#8221;off||||&#8221; border_color_all=&#8221;#E36E5C&#8221; border_color_bottom=&#8221;#E78B7D&#8221; border_style_bottom=&#8221;solid&#8221; border_width_bottom_tablet=&#8221;10px&#8221; border_width_bottom_phone=&#8221;10px&#8221; border_width_bottom_last_edited=&#8221;on|phone&#8221; global_colors_info=&#8221;{}&#8221;][\/et_pb_image][\/et_pb_column][et_pb_column type=&#8221;1_2&#8243; _builder_version=&#8221;4.27.4&#8243; _module_preset=&#8221;default&#8221; custom_padding=&#8221;|10%|||false|false&#8221; custom_padding_tablet=&#8221;|5%|||false|false&#8221; custom_padding_phone=&#8221;|2%|||false|false&#8221; custom_padding_last_edited=&#8221;on|desktop&#8221; global_colors_info=&#8221;{}&#8221;][ba_animated_text prefix=&#8221;Book a demo.&#8221; animated_text=&#8221;%91{%22value%22:%22Instant.%22,%22checked%22:0,%22dragID%22:-1},{%22value%22:%22Free.%22,%22checked%22:0,%22dragID%22:0}%93&#8243; animation_speed=&#8221;50ms&#8221; start_delay=&#8221;0ms&#8221; layout=&#8221;block&#8221; prefix_stroke_color=&#8221;#000000&#8243; animated_padding=&#8221;0px|0px|0px|0px|false|false&#8221; animated_bg=&#8221;RGBA(255,255,255,0)&#8221; animated_stroke_color=&#8221;#000000&#8243; cursor_gap=&#8221;0px&#8221; cursor_width=&#8221;0px&#8221; cursor_color=&#8221;#FFFFFF&#8221; prefix_bg_tablet=&#8221;RGBA(255,255,255,0)&#8221; prefix_bg_phone=&#8221;RGBA(255,255,255,0)&#8221; prefix_bg_last_edited=&#8221;on|desktop&#8221; _builder_version=&#8221;4.27.4&#8243; _module_preset=&#8221;default&#8221; animated_font=&#8221;||||||||&#8221; animated_text_color=&#8221;#343434&#8243; animated_font_size=&#8221;31px&#8221; prefix_font=&#8221;|700|||||||&#8221; prefix_text_color=&#8221;#000000&#8243; main_font=&#8221;|300|||||||&#8221; main_text_color=&#8221;#000000&#8243; main_font_size=&#8221;31px&#8221; text_orientation=&#8221;left&#8221; min_height=&#8221;142px&#8221; custom_margin=&#8221;||-50px||false|false&#8221; custom_padding=&#8221;||||false|false&#8221; custom_css_animated_text=&#8221;margin-left: -2px!important;&#8221; global_colors_info=&#8221;{}&#8221;][\/ba_animated_text][et_pb_text _builder_version=&#8221;4.27.4&#8243; _module_preset=&#8221;default&#8221; custom_margin=&#8221;||12px||false|false&#8221; custom_padding=&#8221;||9px||false|false&#8221; global_colors_info=&#8221;{}&#8221;]<\/p>\n<p>We would be delighted to schedule a complimentary information session to provide you with tailored insights into our services and address any questions you may have. Take a moment to book your session and discover how we can meet your specific needs.<\/p>\n<p>[\/et_pb_text][et_pb_button button_url=&#8221;https:\/\/calendar.app.google\/DtHK6D24CMRQdakF9&#8243; url_new_window=&#8221;on&#8221; button_text=&#8221;Book a call&#8221; _builder_version=&#8221;4.27.4&#8243; _module_preset=&#8221;default&#8221; custom_margin=&#8221;||28px|||&#8221; global_colors_info=&#8221;{}&#8221;][\/et_pb_button][et_pb_blurb title=&#8221;Free 20 minute consult&#8221; use_icon=&#8221;on&#8221; font_icon=&#8221;&#xe052;||divi||400&#8243; icon_color=&#8221;#E36E5C&#8221; icon_placement=&#8221;left&#8221; image_icon_width=&#8221;20px&#8221; _builder_version=&#8221;4.27.4&#8243; _module_preset=&#8221;default&#8221; image_icon_custom_margin=&#8221;|||0px|false|false&#8221; image_icon_custom_padding=&#8221;|||0px|false|false&#8221; custom_margin=&#8221;||11px|0px|false|false&#8221; custom_padding=&#8221;|||0px|false|false&#8221; custom_css_blurb_title=&#8221;margin-left: -10px!important;&#8221; custom_css_blurb_content=&#8221;margin-left: 9px!important;&#8221; global_colors_info=&#8221;{}&#8221;][\/et_pb_blurb][et_pb_blurb title=&#8221;Talk to a recruitment expert&#8221; use_icon=&#8221;on&#8221; font_icon=&#8221;&#xe052;||divi||400&#8243; icon_color=&#8221;#E36E5C&#8221; icon_placement=&#8221;left&#8221; image_icon_width=&#8221;20px&#8221; _builder_version=&#8221;4.27.4&#8243; _module_preset=&#8221;default&#8221; image_icon_custom_margin=&#8221;|||0px|false|false&#8221; image_icon_custom_padding=&#8221;|||0px|false|false&#8221; custom_margin=&#8221;||11px|0px|false|false&#8221; custom_padding=&#8221;|||0px|false|false&#8221; custom_css_blurb_title=&#8221;margin-left: -10px!important;&#8221; custom_css_blurb_content=&#8221;margin-left: 9px!important;&#8221; global_colors_info=&#8221;{}&#8221;][\/et_pb_blurb][et_pb_blurb title=&#8221;Get to know our services&#8221; use_icon=&#8221;on&#8221; font_icon=&#8221;&#xe052;||divi||400&#8243; icon_color=&#8221;#E36E5C&#8221; icon_placement=&#8221;left&#8221; image_icon_width=&#8221;20px&#8221; _builder_version=&#8221;4.27.4&#8243; _module_preset=&#8221;default&#8221; image_icon_custom_margin=&#8221;|||0px|false|false&#8221; image_icon_custom_padding=&#8221;|||0px|false|false&#8221; custom_margin=&#8221;||11px|0px|false|false&#8221; custom_padding=&#8221;|||0px|false|false&#8221; custom_css_blurb_title=&#8221;margin-left: -10px!important;&#8221; custom_css_blurb_content=&#8221;margin-left: 9px!important;&#8221; global_colors_info=&#8221;{}&#8221;][\/et_pb_blurb][et_pb_blurb title=&#8221;Receive an offer afterwards&#8221; use_icon=&#8221;on&#8221; font_icon=&#8221;&#xe052;||divi||400&#8243; icon_color=&#8221;#E36E5C&#8221; icon_placement=&#8221;left&#8221; image_icon_width=&#8221;20px&#8221; _builder_version=&#8221;4.27.4&#8243; _module_preset=&#8221;default&#8221; image_icon_custom_margin=&#8221;|||0px|false|false&#8221; image_icon_custom_padding=&#8221;|||0px|false|false&#8221; custom_margin=&#8221;||34px|0px|false|false&#8221; custom_padding=&#8221;|||0px|false|false&#8221; custom_css_blurb_title=&#8221;margin-left: -10px!important;&#8221; custom_css_blurb_content=&#8221;margin-left: 9px!important;&#8221; global_colors_info=&#8221;{}&#8221;][\/et_pb_blurb][\/et_pb_column][\/et_pb_row][\/et_pb_section][et_pb_section fb_built=&#8221;1&#8243; next_background_color=&#8221;#FFFFFF&#8221; admin_label=&#8221;Subscription Section&#8221; _builder_version=&#8221;4.27.4&#8243; background_color=&#8221;#E36E5C&#8221; background_enable_image=&#8221;off&#8221; background_position=&#8221;top_center&#8221; custom_padding=&#8221;48px||56px||false|&#8221; top_divider_height=&#8221;75px&#8221; top_divider_flip=&#8221;horizontal&#8221; top_divider_height_tablet=&#8221;75px&#8221; top_divider_height_phone=&#8221;50px&#8221; top_divider_height_last_edited=&#8221;on|phone&#8221; bottom_divider_style=&#8221;wave2&#8243; bottom_divider_height=&#8221;75px&#8221; bottom_divider_height_tablet=&#8221;75px&#8221; bottom_divider_height_phone=&#8221;50px&#8221; bottom_divider_height_last_edited=&#8221;on|phone&#8221; locked=&#8221;off&#8221; global_colors_info=&#8221;{}&#8221;][et_pb_row column_structure=&#8221;3_5,2_5&#8243; use_custom_gutter=&#8221;on&#8221; gutter_width=&#8221;1&#8243; custom_padding_last_edited=&#8221;on|phone&#8221; admin_label=&#8221;Subscription Area&#8221; _builder_version=&#8221;4.27.4&#8243; custom_padding=&#8221;29px|||||&#8221; custom_padding_tablet=&#8221;87px|||||&#8221; custom_padding_phone=&#8221;40px||||false|false&#8221; locked=&#8221;off&#8221; global_colors_info=&#8221;{}&#8221;][et_pb_column type=&#8221;3_5&#8243; _builder_version=&#8221;4.16&#8243; custom_padding=&#8221;|||&#8221; global_colors_info=&#8221;{}&#8221; custom_padding__hover=&#8221;|||&#8221;][et_pb_text admin_label=&#8221;Title&#8221; _builder_version=&#8221;4.27.4&#8243; text_font=&#8221;||||||||&#8221; text_text_color=&#8221;#FFFFFF&#8221; header_font=&#8221;||||||||&#8221; header_text_align=&#8221;left&#8221; header_text_color=&#8221;#E36E5C&#8221; header_line_height=&#8221;1.2em&#8221; header_2_font=&#8221;|800|||||||&#8221; header_2_text_align=&#8221;left&#8221; header_2_text_color=&#8221;#FFFFFF&#8221; header_2_font_size=&#8221;80px&#8221; custom_margin=&#8221;||4px|||&#8221; animation_style=&#8221;slide&#8221; animation_direction=&#8221;top&#8221; animation_intensity_slide=&#8221;10%&#8221; animation_starting_opacity=&#8221;100%&#8221; global_colors_info=&#8221;{}&#8221;]<\/p>\n<h2>20,000+<\/h2>\n<p>[\/et_pb_text][et_pb_text admin_label=&#8221;Subtitle&#8221; _builder_version=&#8221;4.27.4&#8243; text_font=&#8221;|700||on|||||&#8221; text_text_color=&#8221;#FFFFFF&#8221; text_font_size=&#8221;18px&#8221; text_letter_spacing=&#8221;2px&#8221; header_text_align=&#8221;left&#8221; header_2_text_align=&#8221;left&#8221; header_2_text_color=&#8221;#FFFFFF&#8221; custom_margin=&#8221;||22px|||&#8221; animation_style=&#8221;slide&#8221; animation_direction=&#8221;top&#8221; animation_intensity_slide=&#8221;10%&#8221; animation_starting_opacity=&#8221;100%&#8221; global_colors_info=&#8221;{}&#8221;]<\/p>\n<p>Active subscribers<\/p>\n<p>[\/et_pb_text][et_pb_text admin_label=&#8221;Subtitle&#8221; _builder_version=&#8221;4.27.4&#8243; text_text_color=&#8221;#FFFFFF&#8221; text_font_size=&#8221;18px&#8221; header_2_text_color=&#8221;#FFFFFF&#8221; custom_margin=&#8221;||29px|||&#8221; animation_style=&#8221;slide&#8221; animation_direction=&#8221;top&#8221; animation_intensity_slide=&#8221;10%&#8221; animation_starting_opacity=&#8221;100%&#8221; global_colors_info=&#8221;{}&#8221;]<\/p>\n<p>Stay ahead of the curve in the ever-evolving world of technology recruitment. Our newsletter keeps you in the loop with the latest industry trends, providing valuable insights for both companies and job seekers.<\/p>\n<p>[\/et_pb_text][et_pb_button button_url=&#8221;#newsletter&#8221; button_text=&#8221;Subscribe&#8221; _builder_version=&#8221;4.27.4&#8243; _module_preset=&#8221;default&#8221; custom_button=&#8221;on&#8221; button_text_color=&#8221;#FFFFFF&#8221; button_bg_color=&#8221;#E36E5C&#8221; button_border_color=&#8221;#FFFFFF&#8221; custom_margin=&#8221;||14px|||&#8221; hover_enabled=&#8221;0&#8243; global_colors_info=&#8221;{}&#8221; button_border_color__hover_enabled=&#8221;on|hover&#8221; button_border_color__hover=&#8221;#FFFFFF&#8221; sticky_enabled=&#8221;0&#8243;][\/et_pb_button][et_pb_button button_url=&#8221;https:\/\/www.linkedin.com\/build-relation\/newsletter-follow?entityUrn=7018893826123513856&#8243; url_new_window=&#8221;on&#8221; button_text=&#8221;On Linkedin&#8221; _builder_version=&#8221;4.27.4&#8243; _module_preset=&#8221;default&#8221; custom_button=&#8221;on&#8221; button_bg_color=&#8221;#FFFFFF&#8221; button_border_color=&#8221;#FFFFFF&#8221; global_colors_info=&#8221;{}&#8221; button_border_color__hover=&#8221;#FFFFFF&#8221; button_border_color__hover_enabled=&#8221;on|hover&#8221;][\/et_pb_button][\/et_pb_column][et_pb_column type=&#8221;2_5&#8243; _builder_version=&#8221;4.16&#8243; custom_padding=&#8221;|||&#8221; global_colors_info=&#8221;{}&#8221; custom_padding__hover=&#8221;|||&#8221;][et_pb_image src=&#8221;http:\/\/globalm.io\/wp-content\/uploads\/2025\/05\/Untitled-design-65.png&#8221; title_text=&#8221;Untitled design (65)&#8221; _builder_version=&#8221;4.27.4&#8243; _module_preset=&#8221;default&#8221; global_colors_info=&#8221;{}&#8221;][\/et_pb_image][\/et_pb_column][\/et_pb_row][\/et_pb_section][et_pb_section fb_built=&#8221;1&#8243; admin_label=&#8221;Page Title Section&#8221; module_id=&#8221;contact&#8221; _builder_version=&#8221;4.27.4&#8243; background_color=&#8221;#FFFFFF&#8221; background_enable_image=&#8221;off&#8221; custom_padding=&#8221;39px||9px|||&#8221; box_shadow_style=&#8221;preset7&#8243; box_shadow_horizontal=&#8221;0px&#8221; box_shadow_vertical=&#8221;-220px&#8221; box_shadow_color=&#8221;#ffffff&#8221; global_colors_info=&#8221;{}&#8221;][et_pb_row column_structure=&#8221;1_2,1_4,1_4&#8243; admin_label=&#8221;Title Area&#8221; module_id=&#8221;#serviceshome&#8221; module_class=&#8221;#serviceshome&#8221; _builder_version=&#8221;4.27.4&#8243; width_phone=&#8221;100%&#8221; custom_padding=&#8221;||4px|||&#8221; locked=&#8221;off&#8221; global_colors_info=&#8221;{}&#8221;][et_pb_column type=&#8221;1_2&#8243; _builder_version=&#8221;4.16&#8243; custom_padding=&#8221;|||&#8221; global_colors_info=&#8221;{}&#8221; custom_padding__hover=&#8221;|||&#8221;][et_pb_text _builder_version=&#8221;4.27.4&#8243; _module_preset=&#8221;default&#8221; header_font=&#8221;|800|||||||&#8221; header_3_text_color=&#8221;#E36E5C&#8221; custom_margin=&#8221;||4px|||&#8221; custom_padding=&#8221;||9px|||&#8221; global_colors_info=&#8221;{}&#8221;]<\/p>\n<h2>reach out and follow us<\/h2>\n<h3>discover our contact details and socials.<\/h3>\n<p>[\/et_pb_text][et_pb_text _builder_version=&#8221;4.27.4&#8243; _module_preset=&#8221;default&#8221; global_colors_info=&#8221;{}&#8221;]<\/p>\n<p>Have questions about our recruitment services? Reach out through our contact channels. For job opportunities, apply via our <a href=\"https:\/\/www.linkedin.com\/company\/global-m\/?originalSubdomain=uk\" target=\"_blank\" rel=\"noopener\">LinkedIn page<\/a> or visit our Job Portal.<\/p>\n<p>[\/et_pb_text][\/et_pb_column][et_pb_column type=&#8221;1_4&#8243; _builder_version=&#8221;4.16&#8243; custom_padding=&#8221;|||&#8221; global_colors_info=&#8221;{}&#8221; custom_padding__hover=&#8221;|||&#8221;][et_pb_text _builder_version=&#8221;4.27.4&#8243; _module_preset=&#8221;default&#8221; custom_margin=&#8221;||14px|||&#8221; global_colors_info=&#8221;{}&#8221;]<\/p>\n<h3>Contact channels<\/h3>\n<p>[\/et_pb_text][et_pb_blurb title=&#8221;Google Meet Call&#8221; use_icon=&#8221;on&#8221; font_icon=&#8221;&#xf590;||fa||900&#8243; icon_color=&#8221;#E36E5C&#8221; icon_placement=&#8221;left&#8221; _builder_version=&#8221;4.27.4&#8243; _module_preset=&#8221;default&#8221; image_icon_custom_margin=&#8221;|||0px|false|false&#8221; image_icon_custom_padding=&#8221;|||0px|false|false&#8221; custom_margin=&#8221;||18px|0px|false|false&#8221; custom_padding=&#8221;|||0px|false|false&#8221; custom_css_blurb_title=&#8221;padding-bottom: 5px;&#8221; custom_css_blurb_content=&#8221;margin-left: 9px!important;&#8221; locked=&#8221;off&#8221; global_colors_info=&#8221;{}&#8221;]<\/p>\n<p><a href=\"https:\/\/calendar.app.google\/DtHK6D24CMRQdakF9\">Book now<\/a><\/p>\n<p>[\/et_pb_blurb][et_pb_blurb title=&#8221;Email us&#8221; use_icon=&#8221;on&#8221; font_icon=&#8221;&#xf2b6;||fa||900&#8243; icon_color=&#8221;#E36E5C&#8221; icon_placement=&#8221;left&#8221; _builder_version=&#8221;4.27.4&#8243; _module_preset=&#8221;default&#8221; image_icon_custom_margin=&#8221;|||0px|false|false&#8221; image_icon_custom_padding=&#8221;|||0px|false|false&#8221; custom_margin=&#8221;||18px|0px|false|false&#8221; custom_padding=&#8221;|||0px|false|false&#8221; custom_css_blurb_title=&#8221;padding-bottom: 5px;&#8221; custom_css_blurb_content=&#8221;margin-left: 9px!important;&#8221; locked=&#8221;off&#8221; global_colors_info=&#8221;{}&#8221;]<\/p>\n<p><a href=\"mailto:info@globalm.io\">info@globalm.io<\/a><\/p>\n<p>[\/et_pb_blurb][et_pb_blurb title=&#8221;Whatsapp message&#8221; use_icon=&#8221;on&#8221; font_icon=&#8221;&#xf075;||fa||400&#8243; icon_color=&#8221;#E36E5C&#8221; icon_placement=&#8221;left&#8221; _builder_version=&#8221;4.27.4&#8243; _module_preset=&#8221;default&#8221; image_icon_custom_margin=&#8221;|||0px|false|false&#8221; image_icon_custom_padding=&#8221;|||0px|false|false&#8221; custom_margin=&#8221;||18px|0px|false|false&#8221; custom_padding=&#8221;|||0px|false|false&#8221; custom_css_blurb_title=&#8221;padding-bottom: 5px;&#8221; custom_css_blurb_content=&#8221;margin-left: 9px!important;&#8221; locked=&#8221;off&#8221; global_colors_info=&#8221;{}&#8221;]<\/p>\n<p><a href=\"https:\/\/wa.me\/447825160779\">Open chat<\/a><\/p>\n<p>[\/et_pb_blurb][\/et_pb_column][et_pb_column type=&#8221;1_4&#8243; _builder_version=&#8221;4.16&#8243; custom_padding=&#8221;|||&#8221; global_colors_info=&#8221;{}&#8221; custom_padding__hover=&#8221;|||&#8221;][et_pb_text _builder_version=&#8221;4.27.4&#8243; _module_preset=&#8221;default&#8221; custom_margin=&#8221;||14px|||&#8221; global_colors_info=&#8221;{}&#8221;]<\/p>\n<h3>Social media<\/h3>\n<p>[\/et_pb_text][et_pb_blurb title=&#8221;LinkedIn&#8221; use_icon=&#8221;on&#8221; font_icon=&#8221;&#xe0cb;||divi||400&#8243; icon_color=&#8221;#E36E5C&#8221; icon_placement=&#8221;left&#8221; _builder_version=&#8221;4.27.4&#8243; _module_preset=&#8221;default&#8221; image_icon_custom_margin=&#8221;|||0px|false|false&#8221; image_icon_custom_padding=&#8221;|||0px|false|false&#8221; custom_margin=&#8221;||18px|0px|false|false&#8221; custom_padding=&#8221;|||0px|false|false&#8221; custom_css_blurb_title=&#8221;padding-bottom: 5px;&#8221; custom_css_blurb_content=&#8221;margin-left: 9px!important;&#8221; locked=&#8221;off&#8221; global_colors_info=&#8221;{}&#8221;]<\/p>\n<p><a href=\"https:\/\/www.linkedin.com\/company\/2606373\">Follow us<\/a><\/p>\n<p>[\/et_pb_blurb][et_pb_blurb title=&#8221;Instagram&#8221; use_icon=&#8221;on&#8221; font_icon=&#8221;&#xe0c8;||divi||400&#8243; icon_color=&#8221;#E36E5C&#8221; icon_placement=&#8221;left&#8221; _builder_version=&#8221;4.27.4&#8243; _module_preset=&#8221;default&#8221; image_icon_custom_margin=&#8221;|||0px|false|false&#8221; image_icon_custom_padding=&#8221;|||0px|false|false&#8221; custom_margin=&#8221;||18px|0px|false|false&#8221; custom_padding=&#8221;|||0px|false|false&#8221; custom_css_blurb_title=&#8221;padding-bottom: 5px;&#8221; custom_css_blurb_content=&#8221;margin-left: 9px!important;&#8221; locked=&#8221;off&#8221; global_colors_info=&#8221;{}&#8221;]<\/p>\n<p><a href=\"https:\/\/www.instagram.com\/globalmrecruitment\/\">Follow us<\/a><\/p>\n<p>[\/et_pb_blurb][et_pb_blurb title=&#8221;Youtube&#8221; use_icon=&#8221;on&#8221; font_icon=&#8221;&#xe0d1;||divi||400&#8243; icon_color=&#8221;#E36E5C&#8221; icon_placement=&#8221;left&#8221; _builder_version=&#8221;4.27.4&#8243; _module_preset=&#8221;default&#8221; image_icon_custom_margin=&#8221;|||0px|false|false&#8221; image_icon_custom_padding=&#8221;|||0px|false|false&#8221; custom_margin=&#8221;||18px|0px|false|false&#8221; custom_padding=&#8221;|||0px|false|false&#8221; custom_css_blurb_title=&#8221;padding-bottom: 5px;&#8221; custom_css_blurb_content=&#8221;margin-left: 9px!important;&#8221; locked=&#8221;off&#8221; global_colors_info=&#8221;{}&#8221;]<\/p>\n<p><a href=\"https:\/\/www.youtube.com\/channel\/UCWECDOslA9mNbnQB84mHmzg\">Follow us<\/a><\/p>\n<p>[\/et_pb_blurb][\/et_pb_column][\/et_pb_row][\/et_pb_section]<\/p>\n","protected":false},"excerpt":{"rendered":"<p>Nos complace ayudarle a aprovechar al m\u00e1ximo nuestros productos y servicios. Si tiene consultas sobre precios, caracter\u00edsticas del producto o cualquier otra pregunta relacionada con las ventas, nuestro equipo est\u00e1 aqu\u00ed para ayudarlo. Puede comunicarse con nosotros por correo electr\u00f3nico, tel\u00e9fono, WhatsApp o cualquier otro m\u00e9todo conveniente. <\/p>","protected":false},"author":1,"featured_media":275,"parent":0,"menu_order":0,"comment_status":"closed","ping_status":"closed","template":"","meta":{"_acf_changed":false,"_et_pb_use_builder":"on","_et_pb_old_content":"","_et_gb_content_width":"","footnotes":""},"class_list":["post-6047","page","type-page","status-publish","has-post-thumbnail","hentry"],"acf":[],"aioseo_notices":[],"_links":{"self":[{"href":"https:\/\/globalm.io\/es\/wp-json\/wp\/v2\/pages\/6047","targetHints":{"allow":["GET"]}}],"collection":[{"href":"https:\/\/globalm.io\/es\/wp-json\/wp\/v2\/pages"}],"about":[{"href":"https:\/\/globalm.io\/es\/wp-json\/wp\/v2\/types\/page"}],"author":[{"embeddable":true,"href":"https:\/\/globalm.io\/es\/wp-json\/wp\/v2\/users\/1"}],"replies":[{"embeddable":true,"href":"https:\/\/globalm.io\/es\/wp-json\/wp\/v2\/comments?post=6047"}],"version-history":[{"count":31,"href":"https:\/\/globalm.io\/es\/wp-json\/wp\/v2\/pages\/6047\/revisions"}],"predecessor-version":[{"id":8932,"href":"https:\/\/globalm.io\/es\/wp-json\/wp\/v2\/pages\/6047\/revisions\/8932"}],"wp:featuredmedia":[{"embeddable":true,"href":"https:\/\/globalm.io\/es\/wp-json\/wp\/v2\/media\/275"}],"wp:attachment":[{"href":"https:\/\/globalm.io\/es\/wp-json\/wp\/v2\/media?parent=6047"}],"curies":[{"name":"gracias","href":"https:\/\/api.w.org\/{rel}","templated":true}]}}