{"id":484,"date":"2023-07-11T09:46:40","date_gmt":"2023-07-11T09:46:40","guid":{"rendered":"http:\/\/globalm.io\/?page_id=484"},"modified":"2025-06-09T12:31:17","modified_gmt":"2025-06-09T12:31:17","slug":"clients","status":"publish","type":"page","link":"https:\/\/globalm.io\/es\/clients\/","title":{"rendered":"Estudios de caso"},"content":{"rendered":"<p>[et_pb_section fb_built=&#8221;1&#8243; custom_padding_last_edited=&#8221;on|tablet&#8221; next_background_color=&#8221;#ffffff&#8221; admin_label=&#8221;Page Title Section&#8221; _builder_version=&#8221;4.27.4&#8243; use_background_color_gradient=&#8221;on&#8221; background_color_gradient_direction=&#8221;100deg&#8221; background_color_gradient_stops=&#8221;#e36e5c 0%|#e78b7d 100%&#8221; background_color_gradient_start=&#8221;#e36e5c&#8221; background_color_gradient_end=&#8221;#e78b7d&#8221; background_enable_image=&#8221;off&#8221; custom_padding=&#8221;15px||92px||false|false&#8221; custom_padding_tablet=&#8221;15px||92px||false|false&#8221; custom_padding_phone=&#8221;15px||50px||false|false&#8221; bottom_divider_style=&#8221;wave2&#8243; bottom_divider_flip=&#8221;horizontal&#8221; bottom_divider_arrangement=&#8221;above_content&#8221; bottom_divider_height_tablet=&#8221;75px&#8221; bottom_divider_height_phone=&#8221;50px&#8221; bottom_divider_height_last_edited=&#8221;on|phone&#8221; locked=&#8221;off&#8221; global_colors_info=&#8221;{}&#8221;][et_pb_row _builder_version=&#8221;4.27.4&#8243; _module_preset=&#8221;default&#8221; custom_padding=&#8221;||27px|||&#8221; global_colors_info=&#8221;{}&#8221;][et_pb_column type=&#8221;4_4&#8243; _builder_version=&#8221;4.27.4&#8243; _module_preset=&#8221;default&#8221; global_colors_info=&#8221;{}&#8221;][et_pb_post_title meta=&#8221;off&#8221; featured_image=&#8221;off&#8221; _builder_version=&#8221;4.27.4&#8243; _module_preset=&#8221;default&#8221; title_level=&#8221;h2&#8243; title_font=&#8221;|800||on|||||&#8221; title_text_color=&#8221;#FFFFFF&#8221; title_font_size=&#8221;40px&#8221; custom_margin=&#8221;||5px|||&#8221; global_colors_info=&#8221;{}&#8221;][\/et_pb_post_title][et_pb_text _builder_version=&#8221;4.27.4&#8243; _module_preset=&#8221;default&#8221; text_font=&#8221;||||||||&#8221; text_text_color=&#8221;#FFFFFF&#8221; header_3_text_color=&#8221;#FFFFFF&#8221; global_colors_info=&#8221;{}&#8221;]<\/p>\n<h3>Proven Success Across Industries.<\/h3>\n<p>[\/et_pb_text][\/et_pb_column][\/et_pb_row][\/et_pb_section][et_pb_section fb_built=&#8221;1&#8243; admin_label=&#8221;Service Section&#8221; _builder_version=&#8221;4.21.0&#8243; background_enable_image=&#8221;off&#8221; background_position=&#8221;top_center&#8221; custom_padding=&#8221;9px||7px|0px||&#8221; global_colors_info=&#8221;{}&#8221;][et_pb_row _builder_version=&#8221;4.27.4&#8243; _module_preset=&#8221;default&#8221; global_colors_info=&#8221;{}&#8221;][et_pb_column type=&#8221;4_4&#8243; _builder_version=&#8221;4.21.0&#8243; _module_preset=&#8221;default&#8221; global_colors_info=&#8221;{}&#8221;][et_pb_filterable_portfolio fullwidth=&#8221;off&#8221; posts_number=&#8221;16&#8243; zoom_icon_color=&#8221;RGBA(255,255,255,0)&#8221; hover_overlay_color=&#8221;rgba(239,239,239,0.2)&#8221; hover_icon=&#8221;&#xf002;||fa||900&#8243; _builder_version=&#8221;4.27.4&#8243; _module_preset=&#8221;default&#8221; title_font=&#8221;|||on|||||&#8221; title_text_align=&#8221;center&#8221; title_text_color=&#8221;#e36e5c&#8221; filter_font=&#8221;|600||on|||||&#8221; filter_text_color=&#8221;#E36E5C&#8221; caption_font=&#8221;|||||on|||&#8221; caption_text_color=&#8221;#343434&#8243; caption_font_size=&#8221;16px&#8221; pagination_font=&#8221;|300|||||||&#8221; pagination_text_align=&#8221;center&#8221; pagination_text_color=&#8221;#E36E5C&#8221; text_orientation=&#8221;center&#8221; custom_margin=&#8221;||||false|false&#8221; custom_padding=&#8221;||||false|false&#8221; custom_css_portfolio_filters=&#8221;margin-left: 10%;||margin-right: 10%;||margin-bottom: 10px;&#8221; custom_css_portfolio_image=&#8221;border-radius: 20px;&#8221; custom_css_portfolio_title=&#8221;margin-top: 15px;||margin-left: 4%;||margin-right: 4%;&#8221; custom_css_portfolio_post_meta=&#8221;margin-bottom: 10px;||margin-left: 10%;||margin-right: 10%;||text-align: center!important;||max-height: 18px;&#8221; border_radii=&#8221;off|30px|30px|40px|40px&#8221; border_color_all=&#8221;#E36E5C&#8221; border_width_bottom=&#8221;3px&#8221; border_color_bottom=&#8221;#E36E5C&#8221; border_width_top_tablet=&#8221;&#8221; border_width_top_phone=&#8221;3px&#8221; border_width_top_last_edited=&#8221;on|tablet&#8221; border_width_right_tablet=&#8221;0px&#8221; border_width_right_phone=&#8221;1px&#8221; border_width_right_last_edited=&#8221;on|phone&#8221; border_width_left_tablet=&#8221;0px&#8221; border_width_left_phone=&#8221;1px&#8221; border_width_left_last_edited=&#8221;on|desktop&#8221; border_radii_image=&#8221;off|15px|15px||&#8221; border_color_top_image=&#8221;#E78B7D&#8221; border_width_top_image_tablet=&#8221;&#8221; border_width_top_image_phone=&#8221;&#8221; border_width_top_image_last_edited=&#8221;on|desktop&#8221; global_colors_info=&#8221;{}&#8221; custom_css_portfolio_filters_last_edited=&#8221;on|phone&#8221; custom_css_portfolio_image_last_edited=&#8221;on|phone&#8221; custom_css_portfolio_image_phone=&#8221;margin: 0px;&#8221; custom_css_portfolio_filters_tablet=&#8221;padding-bottom: 20px;&#8221; custom_css_portfolio_filters_phone=&#8221;padding-bottom: 20px;&#8221; custom_css_portfolio_image_tablet=&#8221;margin: 0px;&#8221;][\/et_pb_filterable_portfolio][\/et_pb_column][\/et_pb_row][\/et_pb_section][et_pb_section fb_built=&#8221;1&#8243; admin_label=&#8221;Yearly Report Section&#8221; _builder_version=&#8221;4.27.4&#8243; custom_margin=&#8221;||30px||false|false&#8221; custom_padding=&#8221;0px||15px||false|false&#8221; bottom_divider_color=&#8221;#E36E5C&#8221; locked=&#8221;off&#8221; global_colors_info=&#8221;{}&#8221;][et_pb_row column_structure=&#8221;1_2,1_2&#8243; make_equal=&#8221;on&#8221; custom_padding_last_edited=&#8221;on|desktop&#8221; _builder_version=&#8221;4.27.4&#8243; _module_preset=&#8221;default&#8221; width=&#8221;100%&#8221; max_width=&#8221;100%&#8221; custom_margin=&#8221;||||false|false&#8221; custom_padding=&#8221;7px||19px||false|false&#8221; custom_padding_tablet=&#8221;||70px||false|false&#8221; custom_padding_phone=&#8221;7px||34px||false|false&#8221; custom_css_main_element=&#8221;align-items: center !important;&#8221; global_colors_info=&#8221;{}&#8221;][et_pb_column type=&#8221;1_2&#8243; _builder_version=&#8221;4.27.4&#8243; _module_preset=&#8221;default&#8221; global_colors_info=&#8221;{}&#8221;][et_pb_image src=&#8221;https:\/\/globalm.io\/wp-content\/uploads\/2023\/07\/globalm-website-element.jpg&#8221; title_text=&#8221;globalm-website-element&#8221; force_fullwidth=&#8221;on&#8221; align_tablet=&#8221;center&#8221; align_phone=&#8221;center&#8221; align_last_edited=&#8221;on|desktop&#8221; _builder_version=&#8221;4.27.4&#8243; animation_style=&#8221;fade&#8221; global_colors_info=&#8221;{}&#8221;][\/et_pb_image][\/et_pb_column][et_pb_column type=&#8221;1_2&#8243; _builder_version=&#8221;4.27.4&#8243; _module_preset=&#8221;default&#8221; custom_padding=&#8221;|5%|||false|false&#8221; custom_padding_tablet=&#8221;|5%|||false|false&#8221; custom_padding_phone=&#8221;|2%|||false|false&#8221; custom_padding_last_edited=&#8221;on|desktop&#8221; global_colors_info=&#8221;{}&#8221;][et_pb_image src=&#8221;http:\/\/globalm.io\/wp-content\/uploads\/2023\/07\/Untitled-design-7.jpg&#8221; title_text=&#8221;Untitled design (7)&#8221; _builder_version=&#8221;4.21.0&#8243; _module_preset=&#8221;default&#8221; max_width=&#8221;40%&#8221; custom_margin=&#8221;||2px|||&#8221; custom_padding=&#8221;||4px|||&#8221; locked=&#8221;off&#8221; global_colors_info=&#8221;{}&#8221;][\/et_pb_image][ba_animated_text prefix=&#8221;Highlighted case study&#8221; animated_text=&#8221;%91{%22value%22:%2212 months.%22,%22checked%22:0,%22dragID%22:-1},{%22value%22:%2220 roles.%22,%22checked%22:0,%22dragID%22:0},{%22value%22:%2242 hires.%22,%22checked%22:0,%22dragID%22:1}%93&#8243; animation_speed=&#8221;50ms&#8221; start_delay=&#8221;0ms&#8221; layout=&#8221;block&#8221; prefix_stroke_color=&#8221;#000000&#8243; animated_padding=&#8221;0px|0px|0px|0px|false|false&#8221; animated_bg=&#8221;RGBA(255,255,255,0)&#8221; animated_stroke_color=&#8221;#000000&#8243; cursor_gap=&#8221;0px&#8221; cursor_width=&#8221;0px&#8221; cursor_color=&#8221;#FFFFFF&#8221; prefix_bg_tablet=&#8221;RGBA(255,255,255,0)&#8221; prefix_bg_phone=&#8221;RGBA(255,255,255,0)&#8221; prefix_bg_last_edited=&#8221;on|desktop&#8221; _builder_version=&#8221;4.27.4&#8243; _module_preset=&#8221;default&#8221; animated_font=&#8221;||||||||&#8221; animated_text_color=&#8221;#343434&#8243; animated_font_size=&#8221;31px&#8221; prefix_font=&#8221;|700|||||||&#8221; prefix_text_color=&#8221;#000000&#8243; main_font=&#8221;|300|||||||&#8221; main_text_color=&#8221;#000000&#8243; main_font_size=&#8221;31px&#8221; text_orientation=&#8221;left&#8221; min_height=&#8221;142px&#8221; custom_margin=&#8221;||-40px||false|false&#8221; custom_margin_tablet=&#8221;||-40px||false|false&#8221; custom_margin_phone=&#8221;||-10px||false|false&#8221; custom_margin_last_edited=&#8221;on|phone&#8221; custom_padding=&#8221;||||false|false&#8221; hover_enabled=&#8221;0&#8243; custom_css_animated_text=&#8221;margin-left: -2px!important;&#8221; global_colors_info=&#8221;{}&#8221; sticky_enabled=&#8221;0&#8243;][\/ba_animated_text][et_pb_blurb title=&#8221;A Global Online Marketplaces Leader&#8221; use_icon=&#8221;on&#8221; font_icon=&#8221;&#xe052;||divi||400&#8243; icon_color=&#8221;#E36E5C&#8221; icon_placement=&#8221;left&#8221; _builder_version=&#8221;4.27.4&#8243; _module_preset=&#8221;default&#8221; image_icon_custom_margin=&#8221;|||0px|false|false&#8221; image_icon_custom_padding=&#8221;|||0px|false|false&#8221; custom_margin=&#8221;||18px|0px|false|false&#8221; custom_padding=&#8221;|||0px|false|false&#8221; custom_css_blurb_title=&#8221;padding-bottom: 5px;&#8221; custom_css_blurb_content=&#8221;margin-left: 9px!important;&#8221; global_colors_info=&#8221;{}&#8221;]<\/p>\n<p>Adevinta is a trusted name in the second-hand economy, operating digital platforms across 13 countries.<\/p>\n<p>[\/et_pb_blurb][et_pb_blurb title=&#8221;Scaling Fast in a Competitive Talent Market&#8221; use_icon=&#8221;on&#8221; font_icon=&#8221;&#xe052;||divi||400&#8243; icon_color=&#8221;#E36E5C&#8221; icon_placement=&#8221;left&#8221; _builder_version=&#8221;4.27.4&#8243; _module_preset=&#8221;default&#8221; image_icon_custom_margin=&#8221;|||0px|false|false&#8221; image_icon_custom_padding=&#8221;|||0px|false|false&#8221; custom_margin=&#8221;||18px|0px|false|false&#8221; custom_padding=&#8221;|||0px|false|false&#8221; custom_css_blurb_title=&#8221;padding-bottom: 5px;&#8221; custom_css_blurb_content=&#8221;margin-left: 9px!important;&#8221; global_colors_info=&#8221;{}&#8221;]<\/p>\n<p>Adevinta needed rapid hiring across multiple functions to support its growth as a standalone tech business.<\/p>\n<p>[\/et_pb_blurb][et_pb_blurb title=&#8221;High-Quality Hires Delivered at Speed&#8221; use_icon=&#8221;on&#8221; font_icon=&#8221;&#xe052;||divi||400&#8243; icon_color=&#8221;#E36E5C&#8221; icon_placement=&#8221;left&#8221; _builder_version=&#8221;4.27.4&#8243; _module_preset=&#8221;default&#8221; image_icon_custom_margin=&#8221;|||0px|false|false&#8221; image_icon_custom_padding=&#8221;|||0px|false|false&#8221; custom_margin=&#8221;||18px|0px|false|false&#8221; custom_padding=&#8221;|||0px|false|false&#8221; custom_css_blurb_title=&#8221;padding-bottom: 5px;&#8221; custom_css_blurb_content=&#8221;margin-left: 9px!important;&#8221; global_colors_info=&#8221;{}&#8221;]<\/p>\n<p>Global M placed numerous skilled professionals in a short timeframe, strengthening Adevinta\u2019s global teams and future growth.<\/p>\n<p>[\/et_pb_blurb][et_pb_button button_url=&#8221;@ET-DC@eyJkeW5hbWljIjp0cnVlLCJjb250ZW50IjoicG9zdF9saW5rX3VybF9wcm9qZWN0Iiwic2V0dGluZ3MiOnsicG9zdF9pZCI6IjU2MjIifX0=@&#8221; button_text=&#8221;Read more&#8221; _builder_version=&#8221;4.27.4&#8243; _dynamic_attributes=&#8221;button_url&#8221; _module_preset=&#8221;default&#8221; custom_margin=&#8221;||28px|||&#8221; hover_enabled=&#8221;0&#8243; global_colors_info=&#8221;{}&#8221; sticky_enabled=&#8221;0&#8243;][\/et_pb_button][\/et_pb_column][\/et_pb_row][\/et_pb_section]<\/p>\n","protected":false},"excerpt":{"rendered":"<p>Descubra nuestra impresionante red de Clientes y Socios en Global M. Estamos orgullosos de colaborar con una amplia gama de organizaciones l\u00edderes en la industria, creando relaciones sin\u00e9rgicas y logrando resultados notables. \u00danase a nuestra estimada lista de Clientes y Socios hoy y libere el potencial para un crecimiento y \u00e9xito excepcionales.<\/p>","protected":false},"author":1,"featured_media":276,"parent":0,"menu_order":0,"comment_status":"closed","ping_status":"closed","template":"","meta":{"_acf_changed":false,"_et_pb_use_builder":"on","_et_pb_old_content":"","_et_gb_content_width":"","footnotes":""},"class_list":["post-484","page","type-page","status-publish","has-post-thumbnail","hentry"],"acf":[],"aioseo_notices":[],"_links":{"self":[{"href":"https:\/\/globalm.io\/es\/wp-json\/wp\/v2\/pages\/484","targetHints":{"allow":["GET"]}}],"collection":[{"href":"https:\/\/globalm.io\/es\/wp-json\/wp\/v2\/pages"}],"about":[{"href":"https:\/\/globalm.io\/es\/wp-json\/wp\/v2\/types\/page"}],"author":[{"embeddable":true,"href":"https:\/\/globalm.io\/es\/wp-json\/wp\/v2\/users\/1"}],"replies":[{"embeddable":true,"href":"https:\/\/globalm.io\/es\/wp-json\/wp\/v2\/comments?post=484"}],"version-history":[{"count":82,"href":"https:\/\/globalm.io\/es\/wp-json\/wp\/v2\/pages\/484\/revisions"}],"predecessor-version":[{"id":8814,"href":"https:\/\/globalm.io\/es\/wp-json\/wp\/v2\/pages\/484\/revisions\/8814"}],"wp:featuredmedia":[{"embeddable":true,"href":"https:\/\/globalm.io\/es\/wp-json\/wp\/v2\/media\/276"}],"wp:attachment":[{"href":"https:\/\/globalm.io\/es\/wp-json\/wp\/v2\/media?parent=484"}],"curies":[{"name":"gracias","href":"https:\/\/api.w.org\/{rel}","templated":true}]}}